{"id":436,"date":"2024-06-10T19:00:26","date_gmt":"2024-06-10T17:00:26","guid":{"rendered":"https:\/\/tozikeapartmanhaz.hu\/?page_id=436"},"modified":"2025-03-11T11:58:54","modified_gmt":"2025-03-11T10:58:54","slug":"kapcsolat","status":"publish","type":"page","link":"https:\/\/tozikeapartmanhaz.hu\/de\/kapcsolat\/","title":{"rendered":"Kontakt"},"content":{"rendered":"<p>[et_pb_section fb_built=&#8221;1&#8243; _builder_version=&#8221;4.16&#8243; custom_padding=&#8221;82px|0px|82px|0px|true|false&#8221; global_colors_info=&#8221;{}&#8221;][et_pb_row _builder_version=&#8221;4.16&#8243; z_index=&#8221;1&#8243; custom_padding=&#8221;0|0px|0|0px|true|false&#8221; z_index_last_edited=&#8221;off|desktop&#8221; border_radii=&#8221;on|10px|10px|10px|10px&#8221; global_colors_info=&#8221;{}&#8221; z_index__hover_enabled=&#8221;on&#8221; z_index__hover=&#8221;759&#8243;][et_pb_column type=&#8221;4_4&#8243; _builder_version=&#8221;4.16&#8243; custom_padding=&#8221;|||&#8221; global_colors_info=&#8221;{}&#8221; custom_padding__hover=&#8221;|||&#8221;][et_pb_code _builder_version=&#8221;4.27.4&#8243; background_color=&#8221;gcid-primary-color&#8221; sticky_position=&#8221;top&#8221; sticky_limit_top=&#8221;body&#8221; motion_trigger_start=&#8221;top&#8221; global_colors_info=&#8221;{%22gcid-primary-color%22:%91%22background_color%22%93}&#8221; z_index__hover_enabled=&#8221;on&#8221; overflow-y__hover_enabled=&#8221;on|hover&#8221;]<iframe src=\"https:\/\/www.google.com\/maps\/embed?pb=!1m18!1m12!1m3!1d1937.9338433712198!2d16.529991119344583!3d46.61387347711722!2m3!1f0!2f0!3f0!3m2!1i1024!2i768!4f13.1!3m3!1m2!1s0x4768cb3e6754a863%3A0xe62c6d50696a83d7!2sT%C5%91zike%20apartman!5e0!3m2!1shu!2shu!4v1718310294987!5m2!1shu!2shu\" width=\"1200\" height=\"450\" style=\"border:0;\" allowfullscreen=\"\" loading=\"lazy\" referrerpolicy=\"no-referrer-when-downgrade\"><\/iframe>&#8222;[\/et_pb_code][\/et_pb_column][\/et_pb_row][et_pb_row column_structure=&#8221;1_2,1_2&#8243; use_custom_gutter=&#8221;on&#8221; make_equal=&#8221;on&#8221; custom_padding_last_edited=&#8221;on|tablet&#8221; _builder_version=&#8221;4.27.4&#8243; background_color=&#8221;gcid-88330889-56eb-4cbd-9426-e5500a7ccd50&#8243; z_index=&#8221;3&#8243; max_width=&#8221;800px&#8221; custom_margin=&#8221;-130px||&#8221; custom_margin_tablet=&#8221;29px||&#8221; custom_margin_phone=&#8221;29px||&#8221; custom_margin_last_edited=&#8221;on|tablet&#8221; custom_padding=&#8221;56px|26px|56px|56px|true|false&#8221; custom_padding_tablet=&#8221;|20px||20px||true&#8221; custom_padding_phone=&#8221;|20px||20px||true&#8221; hover_enabled=&#8221;0&#8243; border_radii=&#8221;on|10px|10px|10px|10px&#8221; use_custom_width=&#8221;on&#8221; custom_width_px=&#8221;800px&#8221; global_colors_info=&#8221;{%22gcid-88330889-56eb-4cbd-9426-e5500a7ccd50%22:%91%22background_color%22%93}&#8221; sticky_enabled=&#8221;0&#8243;][et_pb_column type=&#8221;1_2&#8243; _builder_version=&#8221;4.16&#8243; custom_padding=&#8221;|||&#8221; global_colors_info=&#8221;{}&#8221; custom_padding__hover=&#8221;|||&#8221;][et_pb_blurb url=&#8221;https:\/\/maps.app.goo.gl\/kt52NWBRPxpTCigA9&#8243; url_new_window=&#8221;on&#8221; use_icon=&#8221;on&#8221; font_icon=&#8221;&#xe01d;||divi||400&#8243; icon_color=&#8221;#ffffff&#8221; image_icon_width=&#8221;31px&#8221; _builder_version=&#8221;4.25.1&#8243; header_font=&#8221;Nunito Sans||||||||&#8221; header_text_align=&#8221;center&#8221; header_text_color=&#8221;#ffffff&#8221; header_font_size=&#8221;16px&#8221; header_line_height=&#8221;1.8em&#8221; body_font=&#8221;Nunito Sans||||||||&#8221; body_text_align=&#8221;center&#8221; body_text_color=&#8221;rgba(0,0,0,0)&#8221; body_font_size=&#8221;0px&#8221; body_line_height=&#8221;0em&#8221; icon_font_size=&#8221;31px&#8221; global_colors_info=&#8221;{}&#8221;][\/et_pb_blurb][et_pb_blurb title=&#8221;8960 Lenti, T\u0151zike utca 9.&#8221; url=&#8221;https:\/\/maps.app.goo.gl\/kt52NWBRPxpTCigA9&#8243; url_new_window=&#8221;on&#8221; _builder_version=&#8221;4.25.1&#8243; header_font=&#8221;Nunito Sans||||||||&#8221; header_text_align=&#8221;center&#8221; header_text_color=&#8221;#ffffff&#8221; header_font_size=&#8221;16px&#8221; header_line_height=&#8221;1.8em&#8221; body_font=&#8221;Nunito Sans||||||||&#8221; body_text_align=&#8221;center&#8221; body_text_color=&#8221;rgba(0,0,0,0)&#8221; body_font_size=&#8221;0px&#8221; body_line_height=&#8221;0em&#8221; custom_margin=&#8221;-31px||&#8221; global_colors_info=&#8221;{}&#8221;][\/et_pb_blurb][et_pb_blurb use_icon=&#8221;on&#8221; font_icon=&#8221;&#xf879;||fa||900&#8243; icon_color=&#8221;#ffffff&#8221; image_icon_width=&#8221;31px&#8221; _builder_version=&#8221;4.25.1&#8243; header_font=&#8221;Nunito Sans||||||||&#8221; header_text_align=&#8221;center&#8221; header_text_color=&#8221;#ffffff&#8221; header_font_size=&#8221;16px&#8221; header_line_height=&#8221;1.8em&#8221; body_font=&#8221;Nunito Sans||||||||&#8221; body_text_align=&#8221;center&#8221; body_text_color=&#8221;rgba(0,0,0,0)&#8221; body_font_size=&#8221;0px&#8221; body_line_height=&#8221;0em&#8221; custom_padding=&#8221;9px||&#8221; icon_font_size=&#8221;31px&#8221; global_colors_info=&#8221;{}&#8221;][\/et_pb_blurb][et_pb_blurb title=&#8221;+36 30 282 1404&#8243; _builder_version=&#8221;4.25.1&#8243; header_font=&#8221;Nunito Sans||||||||&#8221; header_text_align=&#8221;center&#8221; header_text_color=&#8221;#ffffff&#8221; header_font_size=&#8221;16px&#8221; header_line_height=&#8221;1.8em&#8221; body_font=&#8221;Nunito Sans||||||||&#8221; body_text_align=&#8221;center&#8221; body_text_color=&#8221;rgba(0,0,0,0)&#8221; body_font_size=&#8221;0px&#8221; body_line_height=&#8221;0em&#8221; custom_margin=&#8221;-31px||&#8221; global_colors_info=&#8221;{}&#8221;][\/et_pb_blurb][et_pb_blurb use_icon=&#8221;on&#8221; font_icon=&#8221;&#xe010;||divi||400&#8243; icon_color=&#8221;#ffffff&#8221; image_icon_width=&#8221;31px&#8221; _builder_version=&#8221;4.16&#8243; header_font=&#8221;Nunito Sans||||||||&#8221; header_text_align=&#8221;center&#8221; header_text_color=&#8221;#ffffff&#8221; header_font_size=&#8221;16px&#8221; header_line_height=&#8221;1.8em&#8221; body_font=&#8221;Nunito Sans||||||||&#8221; body_text_align=&#8221;center&#8221; body_text_color=&#8221;rgba(0,0,0,0)&#8221; body_font_size=&#8221;0px&#8221; body_line_height=&#8221;0em&#8221; custom_padding=&#8221;9px||&#8221; icon_font_size=&#8221;31px&#8221; global_colors_info=&#8221;{}&#8221;][\/et_pb_blurb][et_pb_blurb title=&#8221;bedoeva75@gmail.com&#8221; _builder_version=&#8221;4.25.1&#8243; header_font=&#8221;Nunito Sans||||||||&#8221; header_text_align=&#8221;center&#8221; header_text_color=&#8221;#ffffff&#8221; header_font_size=&#8221;16px&#8221; header_line_height=&#8221;1.8em&#8221; body_font=&#8221;Nunito Sans||||||||&#8221; body_text_align=&#8221;center&#8221; body_text_color=&#8221;rgba(0,0,0,0)&#8221; body_font_size=&#8221;0px&#8221; body_line_height=&#8221;0em&#8221; custom_margin=&#8221;-31px||&#8221; global_colors_info=&#8221;{}&#8221;][\/et_pb_blurb][\/et_pb_column][et_pb_column type=&#8221;1_2&#8243; _builder_version=&#8221;4.16&#8243; custom_padding=&#8221;|||&#8221; global_colors_info=&#8221;{}&#8221; custom_padding__hover=&#8221;|||&#8221;][et_pb_blurb url=&#8221;https:\/\/szallas.hu\/tozike-apartmanhaz-lenti&#8221; use_icon=&#8221;on&#8221; font_icon=&#8221;&#xf015;||fa||900&#8243; icon_color=&#8221;#FFFFFF&#8221; image_icon_background_color=&#8221;RGBA(255,255,255,0)&#8221; image_icon_width=&#8221;60px&#8221; _builder_version=&#8221;4.25.1&#8243; header_font=&#8221;Nunito Sans|700|||||||&#8221; header_text_align=&#8221;center&#8221; header_text_color=&#8221;#297FCA&#8221; header_font_size=&#8221;20px&#8221; body_font=&#8221;Nunito Sans|700|||||||&#8221; body_text_align=&#8221;center&#8221; body_text_color=&#8221;#5499D4&#8243; body_font_size=&#8221;25px&#8221; icon_font_size=&#8221;60px&#8221; locked=&#8221;off&#8221; global_colors_info=&#8221;{}&#8221;]<\/p>\n<p><span style=\"color: #ffffff;\">Sie k\u00f6nnen uns auch hier finden!<\/span><\/p>\n<p>[\/et_pb_blurb][et_pb_button button_url=&#8221;https:\/\/tozikeapartmanhaz.hu\/ajanlatkeres\/&#8221; button_text=&#8221;Aj\u00e1nlatk\u00e9r\u00e9s&#8221; button_alignment=&#8221;center&#8221; _builder_version=&#8221;4.27.4&#8243; custom_button=&#8221;on&#8221; button_text_size=&#8221;26px&#8221; button_text_color=&#8221;gcid-88330889-56eb-4cbd-9426-e5500a7ccd50&#8243; button_bg_color=&#8221;gcid-5500de79-1dc1-48fd-9d9a-c2c0d21669a5&#8243; button_border_width=&#8221;24px&#8221; button_border_color=&#8221;rgba(0,0,0,0)&#8221; button_border_radius=&#8221;24px&#8221; button_font=&#8221;Raleway|700|||||||&#8221; transform_translate=&#8221;4px|0px&#8221; custom_margin=&#8221;101px||0px|-19px|false|false&#8221; custom_padding=&#8221;0px||0px|24px|true|false&#8221; hover_enabled=&#8221;0&#8243; button_text_shadow_style=&#8221;preset3&#8243; button_border_radius_hover=&#8221;0px&#8221; locked=&#8221;off&#8221; global_colors_info=&#8221;{%22gcid-5500de79-1dc1-48fd-9d9a-c2c0d21669a5%22:%91%22button_bg_color%22%93,%22gcid-88330889-56eb-4cbd-9426-e5500a7ccd50%22:%91%22button_text_color%22%93}&#8221; button_text_size__hover_enabled=&#8221;off&#8221; button_one_text_size__hover_enabled=&#8221;off&#8221; button_two_text_size__hover_enabled=&#8221;off&#8221; button_text_color__hover_enabled=&#8221;off&#8221; button_one_text_color__hover_enabled=&#8221;off&#8221; button_two_text_color__hover_enabled=&#8221;off&#8221; button_border_width__hover_enabled=&#8221;off&#8221; button_one_border_width__hover_enabled=&#8221;off&#8221; button_two_border_width__hover_enabled=&#8221;off&#8221; button_border_color__hover_enabled=&#8221;off&#8221; button_one_border_color__hover_enabled=&#8221;off&#8221; button_two_border_color__hover_enabled=&#8221;off&#8221; button_border_radius__hover_enabled=&#8221;on&#8221; button_border_radius__hover=&#8221;0px&#8221; button_one_border_radius__hover_enabled=&#8221;off&#8221; button_two_border_radius__hover_enabled=&#8221;off&#8221; button_letter_spacing__hover_enabled=&#8221;off&#8221; button_one_letter_spacing__hover_enabled=&#8221;off&#8221; button_two_letter_spacing__hover_enabled=&#8221;off&#8221; button_bg_color__hover_enabled=&#8221;off&#8221; button_one_bg_color__hover_enabled=&#8221;off&#8221; button_two_bg_color__hover_enabled=&#8221;off&#8221; sticky_enabled=&#8221;0&#8243;][\/et_pb_button][\/et_pb_column][\/et_pb_row][\/et_pb_section]<\/p>","protected":false},"excerpt":{"rendered":"<p>Sie k\u00f6nnen uns auch hier finden!<\/p>","protected":false},"author":1,"featured_media":0,"parent":0,"menu_order":0,"comment_status":"closed","ping_status":"closed","template":"","meta":{"_seopress_robots_primary_cat":"","_seopress_titles_title":"","_seopress_titles_desc":"","_seopress_robots_index":"","_et_pb_use_builder":"on","_et_pb_old_content":"","_et_gb_content_width":"","footnotes":""},"class_list":["post-436","page","type-page","status-publish","hentry"],"_links":{"self":[{"href":"https:\/\/tozikeapartmanhaz.hu\/de\/wp-json\/wp\/v2\/pages\/436","targetHints":{"allow":["GET"]}}],"collection":[{"href":"https:\/\/tozikeapartmanhaz.hu\/de\/wp-json\/wp\/v2\/pages"}],"about":[{"href":"https:\/\/tozikeapartmanhaz.hu\/de\/wp-json\/wp\/v2\/types\/page"}],"author":[{"embeddable":true,"href":"https:\/\/tozikeapartmanhaz.hu\/de\/wp-json\/wp\/v2\/users\/1"}],"replies":[{"embeddable":true,"href":"https:\/\/tozikeapartmanhaz.hu\/de\/wp-json\/wp\/v2\/comments?post=436"}],"version-history":[{"count":14,"href":"https:\/\/tozikeapartmanhaz.hu\/de\/wp-json\/wp\/v2\/pages\/436\/revisions"}],"predecessor-version":[{"id":713,"href":"https:\/\/tozikeapartmanhaz.hu\/de\/wp-json\/wp\/v2\/pages\/436\/revisions\/713"}],"wp:attachment":[{"href":"https:\/\/tozikeapartmanhaz.hu\/de\/wp-json\/wp\/v2\/media?parent=436"}],"curies":[{"name":"wp","href":"https:\/\/api.w.org\/{rel}","templated":true}]}}