{"id":432,"date":"2024-06-10T18:59:32","date_gmt":"2024-06-10T16:59:32","guid":{"rendered":"https:\/\/tozikeapartmanhaz.hu\/?page_id=432"},"modified":"2025-03-18T14:04:03","modified_gmt":"2025-03-18T13:04:03","slug":"galeria","status":"publish","type":"page","link":"https:\/\/tozikeapartmanhaz.hu\/de\/galeria\/","title":{"rendered":"Galerie"},"content":{"rendered":"<p>[et_pb_section fb_built=&#8221;1&#8243; _builder_version=&#8221;4.16&#8243; custom_padding=&#8221;0|0px|0|0px|true|false&#8221; global_colors_info=&#8221;{}&#8221;][et_pb_row column_structure=&#8221;1_4,1_4,1_4,1_4&#8243; use_custom_gutter=&#8221;on&#8221; gutter_width=&#8221;1&#8243; make_equal=&#8221;on&#8221; module_class=&#8221; et_pb_row_fullwidth&#8221; _builder_version=&#8221;4.16&#8243; width=&#8221;100%&#8221; width_tablet=&#8221;100%&#8221; width_phone=&#8221;&#8221; width_last_edited=&#8221;on|desktop&#8221; max_width=&#8221;100%&#8221; max_width_tablet=&#8221;100%&#8221; max_width_phone=&#8221;&#8221; max_width_last_edited=&#8221;on|desktop&#8221; custom_padding=&#8221;26px|13px|26px|13px|true|true&#8221; make_fullwidth=&#8221;on&#8221; global_colors_info=&#8221;{}&#8221;][et_pb_column type=&#8221;1_4&#8243; _builder_version=&#8221;4.16&#8243; custom_padding=&#8221;|||&#8221; global_colors_info=&#8221;{}&#8221; custom_padding__hover=&#8221;|||&#8221;][et_pb_text _builder_version=&#8221;4.25.1&#8243; text_font=&#8221;Nunito Sans||||||||&#8221; text_text_color=&#8221;#ffffff&#8221; text_font_size=&#8221;16px&#8221; text_line_height=&#8221;1.8em&#8221; header_font=&#8221;Nunito Sans|800||on|||||&#8221; header_text_align=&#8221;center&#8221; header_text_color=&#8221;#ffffff&#8221; header_line_height=&#8221;1.3em&#8221; background_image=&#8221;https:\/\/tozikeapartmanhaz.hu\/wp-content\/uploads\/2024\/06\/DSC_0093-scaled.jpg&#8221; text_orientation=&#8221;center&#8221; max_width_tablet=&#8221;&#8221; max_width_phone=&#8221;98%&#8221; max_width_last_edited=&#8221;on|tablet&#8221; module_alignment=&#8221;center&#8221; height=&#8221;556px&#8221; custom_margin=&#8221;|||&#8221; custom_padding=&#8221;10%|20%|58%|20%||true&#8221; link_option_url=&#8221;https:\/\/tozikeapartmanhaz.hu\/galeria\/utcara-nezo-foldszinti-apartman\/&#8221; link_option_url_new_window=&#8221;on&#8221; border_width_right=&#8221;13px&#8221; border_color_right=&#8221;#ffffff&#8221; border_width_left=&#8221;13px&#8221; border_color_left=&#8221;#ffffff&#8221; global_colors_info=&#8221;{}&#8221;]<\/p>\n<h1>Erdgeschosswohnung mit Blick auf die Stra\u00dfe<\/h1>\n<p>[\/et_pb_text][\/et_pb_column][et_pb_column type=&#8221;1_4&#8243; _builder_version=&#8221;4.16&#8243; custom_padding=&#8221;|||&#8221; global_colors_info=&#8221;{}&#8221; custom_padding__hover=&#8221;|||&#8221;][et_pb_text _builder_version=&#8221;4.27.4&#8243; text_font=&#8221;Nunito Sans||||||||&#8221; text_text_color=&#8221;#ffffff&#8221; text_font_size=&#8221;16px&#8221; text_line_height=&#8221;1.8em&#8221; header_font=&#8221;Nunito Sans|800||on|||||&#8221; header_text_align=&#8221;center&#8221; header_text_color=&#8221;#ffffff&#8221; header_line_height=&#8221;1.3em&#8221; background_image=&#8221;https:\/\/tozikeapartmanhaz.hu\/wp-content\/uploads\/2024\/06\/DSC_0124-scaled.jpg&#8221; text_orientation=&#8221;center&#8221; max_width_tablet=&#8221;&#8221; max_width_phone=&#8221;98%&#8221; max_width_last_edited=&#8221;on|tablet&#8221; module_alignment=&#8221;center&#8221; height=&#8221;556px&#8221; custom_margin=&#8221;|||&#8221; custom_padding=&#8221;10%|20%|58%|20%||true&#8221; link_option_url=&#8221;https:\/\/tozikeapartmanhaz.hu\/galeria\/utcara-nezo-emeleti-apartman\/&#8221; link_option_url_new_window=&#8221;on&#8221; border_width_right=&#8221;13px&#8221; border_color_right=&#8221;#ffffff&#8221; border_width_left=&#8221;13px&#8221; border_color_left=&#8221;#ffffff&#8221; global_colors_info=&#8221;{}&#8221;]<\/p>\n<h1>Etagenwohnung mit Blick auf die Stra\u00dfe<\/h1>\n<p>[\/et_pb_text][\/et_pb_column][et_pb_column type=&#8221;1_4&#8243; _builder_version=&#8221;4.16&#8243; custom_padding=&#8221;|||&#8221; global_colors_info=&#8221;{}&#8221; custom_padding__hover=&#8221;|||&#8221;][et_pb_text _builder_version=&#8221;4.27.4&#8243; text_font=&#8221;Nunito Sans||||||||&#8221; text_text_color=&#8221;#ffffff&#8221; text_font_size=&#8221;16px&#8221; text_line_height=&#8221;1.8em&#8221; header_font=&#8221;Nunito Sans|800||on|||||&#8221; header_text_align=&#8221;center&#8221; header_text_color=&#8221;#ffffff&#8221; header_line_height=&#8221;1.3em&#8221; background_image=&#8221;https:\/\/tozikeapartmanhaz.hu\/wp-content\/uploads\/2024\/06\/DSC_0227-scaled.jpg&#8221; text_orientation=&#8221;center&#8221; max_width_tablet=&#8221;&#8221; max_width_phone=&#8221;98%&#8221; max_width_last_edited=&#8221;on|tablet&#8221; module_alignment=&#8221;center&#8221; height=&#8221;556px&#8221; custom_margin=&#8221;|||&#8221; custom_padding=&#8221;10%|20%|58%|20%||true&#8221; link_option_url=&#8221;https:\/\/tozikeapartmanhaz.hu\/galeria\/udvarra-nezo-foldszinti-apartman\/&#8221; link_option_url_new_window=&#8221;on&#8221; border_width_right=&#8221;13px&#8221; border_color_right=&#8221;#ffffff&#8221; border_width_left=&#8221;13px&#8221; border_color_left=&#8221;#ffffff&#8221; locked=&#8221;off&#8221; global_colors_info=&#8221;{}&#8221;]<\/p>\n<h1>Erdgeschosswohnung mit Blick auf den Innenhof<\/h1>\n<p>[\/et_pb_text][\/et_pb_column][et_pb_column type=&#8221;1_4&#8243; _builder_version=&#8221;4.16&#8243; custom_padding=&#8221;|||&#8221; global_colors_info=&#8221;{}&#8221; custom_padding__hover=&#8221;|||&#8221;][et_pb_text _builder_version=&#8221;4.27.4&#8243; text_font=&#8221;Nunito Sans||||||||&#8221; text_text_color=&#8221;#ffffff&#8221; text_font_size=&#8221;16px&#8221; text_line_height=&#8221;1.8em&#8221; header_font=&#8221;Nunito Sans|800||on|||||&#8221; header_text_align=&#8221;center&#8221; header_text_color=&#8221;#ffffff&#8221; header_line_height=&#8221;1.3em&#8221; background_image=&#8221;https:\/\/tozikeapartmanhaz.hu\/wp-content\/uploads\/2025\/03\/DSC_0195-scaled.jpg&#8221; text_orientation=&#8221;center&#8221; max_width_tablet=&#8221;&#8221; max_width_phone=&#8221;98%&#8221; max_width_last_edited=&#8221;on|tablet&#8221; module_alignment=&#8221;center&#8221; height=&#8221;556px&#8221; custom_margin=&#8221;|||&#8221; custom_padding=&#8221;10%|20%|58%|20%||true&#8221; link_option_url=&#8221;https:\/\/tozikeapartmanhaz.hu\/galeria\/udvarra-nezo-emeleti-apartman\/&#8221; link_option_url_new_window=&#8221;on&#8221; hover_enabled=&#8221;0&#8243; border_width_right=&#8221;13px&#8221; border_color_right=&#8221;#ffffff&#8221; border_width_left=&#8221;13px&#8221; border_color_left=&#8221;#ffffff&#8221; locked=&#8221;off&#8221; global_colors_info=&#8221;{}&#8221; title_text=&#8221;DSC_0195&#8243; sticky_enabled=&#8221;0&#8243;]<\/p>\n<h1>Wohnung im Obergeschoss mit Blick auf den Innenhof<\/h1>\n<p>[\/et_pb_text][\/et_pb_column][\/et_pb_row][et_pb_row _builder_version=&#8221;4.25.1&#8243; _module_preset=&#8221;default&#8221; width=&#8221;100%&#8221; max_width=&#8221;2560px&#8221; custom_padding=&#8221;0px|||||&#8221; global_colors_info=&#8221;{}&#8221;][et_pb_column type=&#8221;4_4&#8243; _builder_version=&#8221;4.25.1&#8243; _module_preset=&#8221;default&#8221; global_colors_info=&#8221;{}&#8221;][et_pb_text _builder_version=&#8221;4.27.4&#8243; text_font=&#8221;Nunito Sans||||||||&#8221; text_text_color=&#8221;#ffffff&#8221; text_font_size=&#8221;16px&#8221; text_line_height=&#8221;1.8em&#8221; header_font=&#8221;Nunito Sans|800||on|||||&#8221; header_text_align=&#8221;center&#8221; header_text_color=&#8221;#ffffff&#8221; header_line_height=&#8221;1.3em&#8221; background_image=&#8221;https:\/\/tozikeapartmanhaz.hu\/wp-content\/uploads\/2024\/06\/DSC_0259-1-scaled.jpg&#8221; text_orientation=&#8221;center&#8221; max_width=&#8221;99%&#8221; max_width_tablet=&#8221;&#8221; max_width_phone=&#8221;98%&#8221; max_width_last_edited=&#8221;on|tablet&#8221; module_alignment=&#8221;center&#8221; height=&#8221;405px&#8221; custom_margin=&#8221;|-15px|-4px|-15px|false|true&#8221; custom_padding=&#8221;3.9%|17%|0%|17%|false|true&#8221; link_option_url=&#8221;https:\/\/tozikeapartmanhaz.hu\/galeria\/az-apartmanhaz-udvara&#8221; link_option_url_new_window=&#8221;on&#8221; hover_enabled=&#8221;0&#8243; border_width_right=&#8221;13px&#8221; border_color_right=&#8221;#ffffff&#8221; border_width_left=&#8221;13px&#8221; border_color_left=&#8221;#ffffff&#8221; locked=&#8221;off&#8221; global_colors_info=&#8221;{}&#8221; sticky_enabled=&#8221;0&#8243;]<\/p>\n<h1><\/h1>\n<h1><\/h1>\n<h1><\/h1>\n<h1><\/h1>\n<h1><\/h1>\n<h1>UDVAR<\/h1>\n<p>[\/et_pb_text][\/et_pb_column][\/et_pb_row][\/et_pb_section]<\/p>","protected":false},"excerpt":{"rendered":"<p>Utc\u00e1ra n\u00e9z\u0151 f\u00f6ldszinti apartmanUtc\u00e1ra n\u00e9z\u0151 emeleti apartmanudvarra n\u00e9z\u0151 f\u00f6ldszinti apartmanudvarra n\u00e9z\u0151 emeleti apartman UDVAR<\/p>","protected":false},"author":1,"featured_media":0,"parent":0,"menu_order":0,"comment_status":"closed","ping_status":"closed","template":"","meta":{"_seopress_robots_primary_cat":"","_seopress_titles_title":"","_seopress_titles_desc":"","_seopress_robots_index":"","_et_pb_use_builder":"on","_et_pb_old_content":"","_et_gb_content_width":"","footnotes":""},"class_list":["post-432","page","type-page","status-publish","hentry"],"_links":{"self":[{"href":"https:\/\/tozikeapartmanhaz.hu\/de\/wp-json\/wp\/v2\/pages\/432","targetHints":{"allow":["GET"]}}],"collection":[{"href":"https:\/\/tozikeapartmanhaz.hu\/de\/wp-json\/wp\/v2\/pages"}],"about":[{"href":"https:\/\/tozikeapartmanhaz.hu\/de\/wp-json\/wp\/v2\/types\/page"}],"author":[{"embeddable":true,"href":"https:\/\/tozikeapartmanhaz.hu\/de\/wp-json\/wp\/v2\/users\/1"}],"replies":[{"embeddable":true,"href":"https:\/\/tozikeapartmanhaz.hu\/de\/wp-json\/wp\/v2\/comments?post=432"}],"version-history":[{"count":25,"href":"https:\/\/tozikeapartmanhaz.hu\/de\/wp-json\/wp\/v2\/pages\/432\/revisions"}],"predecessor-version":[{"id":797,"href":"https:\/\/tozikeapartmanhaz.hu\/de\/wp-json\/wp\/v2\/pages\/432\/revisions\/797"}],"wp:attachment":[{"href":"https:\/\/tozikeapartmanhaz.hu\/de\/wp-json\/wp\/v2\/media?parent=432"}],"curies":[{"name":"wp","href":"https:\/\/api.w.org\/{rel}","templated":true}]}}